{"id":21,"date":"2025-10-30T17:07:52","date_gmt":"2025-10-30T16:07:52","guid":{"rendered":"https:\/\/artis-ex-machina.fr\/?page_id=21"},"modified":"2025-10-30T17:11:46","modified_gmt":"2025-10-30T16:11:46","slug":"artis-ex-machina","status":"publish","type":"page","link":"https:\/\/artis-ex-machina.fr\/?page_id=21","title":{"rendered":"Accueil"},"content":{"rendered":"\n<blockquote class=\"wp-block-quote is-layout-flow wp-block-quote-is-layout-flow\">\n<p>Qu\u2019\u00e9voque cette locution latine \u201cArtis ex machina\u201d ?<\/p>\n<\/blockquote>\n\n\n\n<p><em>\u201cArtis ex machina\u201d<\/em>&nbsp;est une variation du c\u00e9l\u00e8bre concept th\u00e9\u00e2tral&nbsp;<em>\u201cDeus ex machina\u201d<\/em> appliqu\u00e9e \u00e0 l\u2019art. Cette locution sugg\u00e8re une intervention artificielle ou m\u00e9canique dans le processus de cr\u00e9ation artistique, peut-\u00eatre une cr\u00e9ation issue de la technologie ou une inspiration ext\u00e9rieure qui surgit de mani\u00e8re inattendue pour r\u00e9soudre un probl\u00e8me esth\u00e9tique ou conceptuel. On ne peut pas s&#8217;emp\u00eacher d&#8217;\u00e9voquer l\u2019influence des machines, des automate, du num\u00e9rique et des algorithmes dans la production artistique moderne.<\/p>\n\n\n\n<blockquote class=\"wp-block-quote is-layout-flow wp-block-quote-is-layout-flow\">\n<p><\/p>\n<\/blockquote>\n\n\n\n<blockquote class=\"wp-block-quote is-layout-flow wp-block-quote-is-layout-flow\">\n<p>Que penser justement de l\u2019influence des machines et des algorithmes dans la production artistique moderne ?<\/p>\n<\/blockquote>\n\n\n\n<p>L\u2019influence des machines et des algorithmes dans l\u2019art moderne est \u00e0 la fois fascinante et sujet de controverses. D\u2019un c\u00f4t\u00e9, ces nouveaux outils offrent de nouvelles possibilit\u00e9s cr\u00e9atives : g\u00e9n\u00e9ration d\u2019images de simulation, compositions musicales algorithmiques, ou encore sculptures imprim\u00e9es. En permettent d\u2019explorer des formes d\u2019expression in\u00e9dites, ils repoussent les limites techniques et conceptuelles.<\/p>\n\n\n\n<p>D\u2019un autre c\u00f4t\u00e9, cette \u00e9volution soul\u00e8ve des questions sur l\u2019authenticit\u00e9, l\u2019intention artistique et la place de l\u2019humain dans la cr\u00e9ation. L\u2019art est-il encore \u00ab humain \u00bb lorsqu\u2019il est produit par une machine ? L\u2019artiste encore artiste en simple curateur d\u2019algorithmes ? On peut y voir une d\u00e9mocratisation de l\u2019art, ou au contraire une menace pour la singularit\u00e9 de l\u2019expression artistique.<\/p>\n\n\n\n<p>En fin de compte, tout d\u00e9pend de l\u2019usage : si la machine est un outil au service de la cr\u00e9ativit\u00e9 humaine, elle enrichit l\u2019art. Mais lorsqu&#8217;elle ambitionne de remplacer l\u2019artiste, on peut se demander ce qui reste de l\u2019essence m\u00eame de la cr\u00e9ation.<\/p>\n\n\n\n<blockquote class=\"wp-block-quote is-layout-flow wp-block-quote-is-layout-flow\">\n<p>A ce propos, peut-on par exemple consid\u00e9rer la g\u00e9n\u00e9ration d&#8217;images par de l&#8217;intelligence artificielle comme de la cr\u00e9ativit\u00e9 ?&nbsp;<\/p>\n<\/blockquote>\n\n\n\n<p>Tout d\u00e9pend de la d\u00e9finition que l\u2019on donne \u00e0 la cr\u00e9ativit\u00e9. Si on consid\u00e8re la cr\u00e9ativit\u00e9 comme la capacit\u00e9 \u00e0 produire quelque chose de nouveau et d\u2019original, alors une intelligence artificielle peut sembler cr\u00e9ative en g\u00e9n\u00e9rant des images in\u00e9dites. Elle peut recombiner des styles, imiter des artistes ou proposer des formes surprenantes.<\/p>\n\n\n\n<p>Cependant, la cr\u00e9ativit\u00e9 humaine ne se limite pas \u00e0 la production de nouveaut\u00e9. Elle implique une intention, une subjectivit\u00e9, une r\u00e9flexion et souvent un dialogue avec une culture, une \u00e9motion ou une exp\u00e9rience v\u00e9cue. Une intelligence artificielle, aussi sophistiqu\u00e9e soit-elle, ne fait que traiter et composer des donn\u00e9es selon des mod\u00e8les statistiques, sans intention propre ni conscience du sens de ce qu\u2019elle cr\u00e9e.<\/p>\n\n\n\n<p>L\u2019intelligence artificielle est plus un outil qu\u2019un cr\u00e9ateur. Elle peut assister, inspirer, voire surprendre l\u2019artiste humain, mais la d\u00e9marche artistique reste fondamentalement humaine.<\/p>\n\n\n\n<p><\/p>\n","protected":false},"excerpt":{"rendered":"<p>Qu\u2019\u00e9voque cette locution latine \u201cArtis ex machina\u201d ? \u201cArtis ex machina\u201d&nbsp;est une variation du c\u00e9l\u00e8bre concept th\u00e9\u00e2tral&nbsp;\u201cDeus ex machina\u201d appliqu\u00e9e \u00e0 l\u2019art. Cette locution sugg\u00e8re une intervention artificielle ou m\u00e9canique [&hellip;]<\/p>\n","protected":false},"author":1,"featured_media":0,"parent":0,"menu_order":0,"comment_status":"closed","ping_status":"closed","template":"templates\/landing.php","meta":{"ocean_post_layout":"","ocean_both_sidebars_style":"","ocean_both_sidebars_content_width":0,"ocean_both_sidebars_sidebars_width":0,"ocean_sidebar":"","ocean_second_sidebar":"","ocean_disable_margins":"enable","ocean_add_body_class":"","ocean_shortcode_before_top_bar":"","ocean_shortcode_after_top_bar":"","ocean_shortcode_before_header":"","ocean_shortcode_after_header":"","ocean_has_shortcode":"","ocean_shortcode_after_title":"","ocean_shortcode_before_footer_widgets":"","ocean_shortcode_after_footer_widgets":"","ocean_shortcode_before_footer_bottom":"","ocean_shortcode_after_footer_bottom":"","ocean_display_top_bar":"default","ocean_display_header":"default","ocean_header_style":"","ocean_center_header_left_menu":"","ocean_custom_header_template":"","ocean_custom_logo":0,"ocean_custom_retina_logo":0,"ocean_custom_logo_max_width":0,"ocean_custom_logo_tablet_max_width":0,"ocean_custom_logo_mobile_max_width":0,"ocean_custom_logo_max_height":0,"ocean_custom_logo_tablet_max_height":0,"ocean_custom_logo_mobile_max_height":0,"ocean_header_custom_menu":"","ocean_menu_typo_font_family":"","ocean_menu_typo_font_subset":"","ocean_menu_typo_font_size":0,"ocean_menu_typo_font_size_tablet":0,"ocean_menu_typo_font_size_mobile":0,"ocean_menu_typo_font_size_unit":"px","ocean_menu_typo_font_weight":"","ocean_menu_typo_font_weight_tablet":"","ocean_menu_typo_font_weight_mobile":"","ocean_menu_typo_transform":"","ocean_menu_typo_transform_tablet":"","ocean_menu_typo_transform_mobile":"","ocean_menu_typo_line_height":0,"ocean_menu_typo_line_height_tablet":0,"ocean_menu_typo_line_height_mobile":0,"ocean_menu_typo_line_height_unit":"","ocean_menu_typo_spacing":0,"ocean_menu_typo_spacing_tablet":0,"ocean_menu_typo_spacing_mobile":0,"ocean_menu_typo_spacing_unit":"","ocean_menu_link_color":"","ocean_menu_link_color_hover":"","ocean_menu_link_color_active":"","ocean_menu_link_background":"","ocean_menu_link_hover_background":"","ocean_menu_link_active_background":"","ocean_menu_social_links_bg":"","ocean_menu_social_hover_links_bg":"","ocean_menu_social_links_color":"","ocean_menu_social_hover_links_color":"","ocean_disable_title":"default","ocean_disable_heading":"default","ocean_post_title":"","ocean_post_subheading":"","ocean_post_title_style":"","ocean_post_title_background_color":"","ocean_post_title_background":0,"ocean_post_title_bg_image_position":"","ocean_post_title_bg_image_attachment":"","ocean_post_title_bg_image_repeat":"","ocean_post_title_bg_image_size":"","ocean_post_title_height":0,"ocean_post_title_bg_overlay":0.5,"ocean_post_title_bg_overlay_color":"","ocean_disable_breadcrumbs":"default","ocean_breadcrumbs_color":"","ocean_breadcrumbs_separator_color":"","ocean_breadcrumbs_links_color":"","ocean_breadcrumbs_links_hover_color":"","ocean_display_footer_widgets":"default","ocean_display_footer_bottom":"default","ocean_custom_footer_template":"","omw_enable_modal_window":"enable","osh_disable_topbar_sticky":"default","osh_disable_header_sticky":"default","osh_sticky_header_style":"default","osh_sticky_header_effect":"","osh_custom_sticky_logo":0,"osh_custom_retina_sticky_logo":0,"osh_custom_sticky_logo_height":0,"osh_background_color":"","osh_links_color":"","osh_links_hover_color":"","osh_links_active_color":"","osh_links_bg_color":"","osh_links_hover_bg_color":"","osh_links_active_bg_color":"","osh_menu_social_links_color":"","osh_menu_social_hover_links_color":"","footnotes":""},"class_list":["post-21","page","type-page","status-publish","hentry","entry"],"yoast_head":"<!-- This site is optimized with the Yoast SEO plugin v27.1.1 - https:\/\/yoast.com\/product\/yoast-seo-wordpress\/ -->\n<title>Accueil - Artis Ex Machina<\/title>\n<meta name=\"robots\" content=\"index, follow, max-snippet:-1, max-image-preview:large, max-video-preview:-1\" \/>\n<link rel=\"canonical\" href=\"https:\/\/artis-ex-machina.fr\/?page_id=21\" \/>\n<meta property=\"og:locale\" content=\"en_US\" \/>\n<meta property=\"og:type\" content=\"article\" \/>\n<meta property=\"og:title\" content=\"Accueil - Artis Ex Machina\" \/>\n<meta property=\"og:description\" content=\"Qu\u2019\u00e9voque cette locution latine \u201cArtis ex machina\u201d ? \u201cArtis ex machina\u201d&nbsp;est une variation du c\u00e9l\u00e8bre concept th\u00e9\u00e2tral&nbsp;\u201cDeus ex machina\u201d appliqu\u00e9e \u00e0 l\u2019art. Cette locution sugg\u00e8re une intervention artificielle ou m\u00e9canique [&hellip;]\" \/>\n<meta property=\"og:url\" content=\"https:\/\/artis-ex-machina.fr\/?page_id=21\" \/>\n<meta property=\"og:site_name\" content=\"Artis Ex Machina\" \/>\n<meta property=\"article:modified_time\" content=\"2025-10-30T16:11:46+00:00\" \/>\n<meta name=\"twitter:card\" content=\"summary_large_image\" \/>\n<meta name=\"twitter:label1\" content=\"Est. reading time\" \/>\n\t<meta name=\"twitter:data1\" content=\"2 minutes\" \/>\n<script type=\"application\/ld+json\" class=\"yoast-schema-graph\">{\"@context\":\"https:\/\/schema.org\",\"@graph\":[{\"@type\":\"WebPage\",\"@id\":\"https:\/\/artis-ex-machina.fr\/?page_id=21\",\"url\":\"https:\/\/artis-ex-machina.fr\/?page_id=21\",\"name\":\"Accueil - Artis Ex Machina\",\"isPartOf\":{\"@id\":\"https:\/\/artis-ex-machina.fr\/#website\"},\"datePublished\":\"2025-10-30T16:07:52+00:00\",\"dateModified\":\"2025-10-30T16:11:46+00:00\",\"breadcrumb\":{\"@id\":\"https:\/\/artis-ex-machina.fr\/?page_id=21#breadcrumb\"},\"inLanguage\":\"en-US\",\"potentialAction\":[{\"@type\":\"ReadAction\",\"target\":[\"https:\/\/artis-ex-machina.fr\/?page_id=21\"]}]},{\"@type\":\"BreadcrumbList\",\"@id\":\"https:\/\/artis-ex-machina.fr\/?page_id=21#breadcrumb\",\"itemListElement\":[{\"@type\":\"ListItem\",\"position\":1,\"name\":\"Accueil\",\"item\":\"https:\/\/artis-ex-machina.fr\/\"},{\"@type\":\"ListItem\",\"position\":2,\"name\":\"Accueil\"}]},{\"@type\":\"WebSite\",\"@id\":\"https:\/\/artis-ex-machina.fr\/#website\",\"url\":\"https:\/\/artis-ex-machina.fr\/\",\"name\":\"WordPress\",\"description\":\"Un site utilisant WordPress\",\"publisher\":{\"@id\":\"https:\/\/artis-ex-machina.fr\/#organization\"},\"potentialAction\":[{\"@type\":\"SearchAction\",\"target\":{\"@type\":\"EntryPoint\",\"urlTemplate\":\"https:\/\/artis-ex-machina.fr\/?s={search_term_string}\"},\"query-input\":{\"@type\":\"PropertyValueSpecification\",\"valueRequired\":true,\"valueName\":\"search_term_string\"}}],\"inLanguage\":\"en-US\"},{\"@type\":\"Organization\",\"@id\":\"https:\/\/artis-ex-machina.fr\/#organization\",\"name\":\"WordPress\",\"url\":\"https:\/\/artis-ex-machina.fr\/\",\"logo\":{\"@type\":\"ImageObject\",\"inLanguage\":\"en-US\",\"@id\":\"https:\/\/artis-ex-machina.fr\/#\/schema\/logo\/image\/\",\"url\":\"https:\/\/artis-ex-machina.fr\/wp-content\/uploads\/2025\/10\/logo.png\",\"contentUrl\":\"https:\/\/artis-ex-machina.fr\/wp-content\/uploads\/2025\/10\/logo.png\",\"width\":1024,\"height\":1024,\"caption\":\"WordPress\"},\"image\":{\"@id\":\"https:\/\/artis-ex-machina.fr\/#\/schema\/logo\/image\/\"}}]}<\/script>\n<!-- \/ Yoast SEO plugin. -->","yoast_head_json":{"title":"Accueil - Artis Ex Machina","robots":{"index":"index","follow":"follow","max-snippet":"max-snippet:-1","max-image-preview":"max-image-preview:large","max-video-preview":"max-video-preview:-1"},"canonical":"https:\/\/artis-ex-machina.fr\/?page_id=21","og_locale":"en_US","og_type":"article","og_title":"Accueil - Artis Ex Machina","og_description":"Qu\u2019\u00e9voque cette locution latine \u201cArtis ex machina\u201d ? \u201cArtis ex machina\u201d&nbsp;est une variation du c\u00e9l\u00e8bre concept th\u00e9\u00e2tral&nbsp;\u201cDeus ex machina\u201d appliqu\u00e9e \u00e0 l\u2019art. Cette locution sugg\u00e8re une intervention artificielle ou m\u00e9canique [&hellip;]","og_url":"https:\/\/artis-ex-machina.fr\/?page_id=21","og_site_name":"Artis Ex Machina","article_modified_time":"2025-10-30T16:11:46+00:00","twitter_card":"summary_large_image","twitter_misc":{"Est. reading time":"2 minutes"},"schema":{"@context":"https:\/\/schema.org","@graph":[{"@type":"WebPage","@id":"https:\/\/artis-ex-machina.fr\/?page_id=21","url":"https:\/\/artis-ex-machina.fr\/?page_id=21","name":"Accueil - Artis Ex Machina","isPartOf":{"@id":"https:\/\/artis-ex-machina.fr\/#website"},"datePublished":"2025-10-30T16:07:52+00:00","dateModified":"2025-10-30T16:11:46+00:00","breadcrumb":{"@id":"https:\/\/artis-ex-machina.fr\/?page_id=21#breadcrumb"},"inLanguage":"en-US","potentialAction":[{"@type":"ReadAction","target":["https:\/\/artis-ex-machina.fr\/?page_id=21"]}]},{"@type":"BreadcrumbList","@id":"https:\/\/artis-ex-machina.fr\/?page_id=21#breadcrumb","itemListElement":[{"@type":"ListItem","position":1,"name":"Accueil","item":"https:\/\/artis-ex-machina.fr\/"},{"@type":"ListItem","position":2,"name":"Accueil"}]},{"@type":"WebSite","@id":"https:\/\/artis-ex-machina.fr\/#website","url":"https:\/\/artis-ex-machina.fr\/","name":"WordPress","description":"Un site utilisant WordPress","publisher":{"@id":"https:\/\/artis-ex-machina.fr\/#organization"},"potentialAction":[{"@type":"SearchAction","target":{"@type":"EntryPoint","urlTemplate":"https:\/\/artis-ex-machina.fr\/?s={search_term_string}"},"query-input":{"@type":"PropertyValueSpecification","valueRequired":true,"valueName":"search_term_string"}}],"inLanguage":"en-US"},{"@type":"Organization","@id":"https:\/\/artis-ex-machina.fr\/#organization","name":"WordPress","url":"https:\/\/artis-ex-machina.fr\/","logo":{"@type":"ImageObject","inLanguage":"en-US","@id":"https:\/\/artis-ex-machina.fr\/#\/schema\/logo\/image\/","url":"https:\/\/artis-ex-machina.fr\/wp-content\/uploads\/2025\/10\/logo.png","contentUrl":"https:\/\/artis-ex-machina.fr\/wp-content\/uploads\/2025\/10\/logo.png","width":1024,"height":1024,"caption":"WordPress"},"image":{"@id":"https:\/\/artis-ex-machina.fr\/#\/schema\/logo\/image\/"}}]}},"_links":{"self":[{"href":"https:\/\/artis-ex-machina.fr\/index.php?rest_route=\/wp\/v2\/pages\/21","targetHints":{"allow":["GET"]}}],"collection":[{"href":"https:\/\/artis-ex-machina.fr\/index.php?rest_route=\/wp\/v2\/pages"}],"about":[{"href":"https:\/\/artis-ex-machina.fr\/index.php?rest_route=\/wp\/v2\/types\/page"}],"author":[{"embeddable":true,"href":"https:\/\/artis-ex-machina.fr\/index.php?rest_route=\/wp\/v2\/users\/1"}],"replies":[{"embeddable":true,"href":"https:\/\/artis-ex-machina.fr\/index.php?rest_route=%2Fwp%2Fv2%2Fcomments&post=21"}],"version-history":[{"count":3,"href":"https:\/\/artis-ex-machina.fr\/index.php?rest_route=\/wp\/v2\/pages\/21\/revisions"}],"predecessor-version":[{"id":25,"href":"https:\/\/artis-ex-machina.fr\/index.php?rest_route=\/wp\/v2\/pages\/21\/revisions\/25"}],"wp:attachment":[{"href":"https:\/\/artis-ex-machina.fr\/index.php?rest_route=%2Fwp%2Fv2%2Fmedia&parent=21"}],"curies":[{"name":"wp","href":"https:\/\/api.w.org\/{rel}","templated":true}]}}